{"id":228,"date":"2022-06-30T09:57:39","date_gmt":"2022-06-30T12:57:39","guid":{"rendered":"http:\/\/td_uid_2_62bd9dc34c3a2"},"modified":"2025-09-29T19:30:57","modified_gmt":"2025-09-29T22:30:57","slug":"contact","status":"publish","type":"page","link":"https:\/\/datarec.com.br\/index.php\/contact\/","title":{"rendered":"Contact"},"content":{"rendered":"<div id=\"td_uid_1_69d07115d86d0\" class=\"tdc-row stretch_row_content td-stretch-content\"><div class=\"vc_row td_uid_1_69d07115d86dc_rand  wpb_row td-pb-row\" >\n<style scoped>\n\n\/* inline tdc_css att *\/\n\n.td_uid_1_69d07115d86dc_rand{\nmargin-top:-48px !important;\nmargin-bottom:30px !important;\n}\n\n.td_uid_1_69d07115d86dc_rand .td_block_wrap{ text-align:left }\n\n\/* landscape *\/\n@media (min-width: 1019px) and (max-width: 1140px)\n{\n.td_uid_1_69d07115d86dc_rand{\nmargin-bottom:0px !important;\n}\n}\n\n\/* portrait *\/\n@media (min-width: 768px) and (max-width: 1018px)\n{\n.td_uid_1_69d07115d86dc_rand{\nmargin-bottom:0px !important;\n}\n}\n\n\/* phone *\/\n@media (max-width: 767px)\n{\n.td_uid_1_69d07115d86dc_rand{\nmargin-bottom:0px !important;\ndisplay:none !important;\n}\n}\n\n<\/style><div class=\"vc_column td_uid_2_69d07115d8da5_rand  wpb_column vc_column_container tdc-column td-pb-span12\"><div class=\"wpb_wrapper\"><div class=\"wpb_wrapper td_block_separator td_block_wrap vc_separator td_uid_3_69d07115d8e91_rand  td_separator_shadow td_separator_center\"><span style=\"color:rgba(0,0,0,0.1);width:100%;\"><span style=\"-moz-box-shadow:0 10px 10px 10px;;-webkit-box-shadow:0 10px 10px 10px;box-shadow:0 10px 10px 10px;\"><\/span><\/span><\/div><\/div><\/div><\/div><\/div>\r\n\t\t<script>\r\n\r\n\t\t\tjQuery(window).load(function () {\r\n\t\t\t\tjQuery('body').find('#td_uid_1_69d07115d86d0 .td-element-style').each(function (index, element) {\r\n\t\t\t\t\tjQuery(element).css('opacity', 1);\r\n\t\t\t\t\treturn;\r\n\t\t\t\t});\r\n\t\t\t});\r\n\r\n\t\t<\/script>\r\n\r\n\t\t\r\n\t\t\t<script>\r\n\r\n\t\t\t\tjQuery(window).ready(function () {\r\n\r\n\t\t\t\t\t\/\/ We need timeout because the content must be rendered and interpreted on client\r\n\t\t\t\t\tsetTimeout(function () {\r\n\r\n\t\t\t\t\t\tvar $content = jQuery('body').find('#tdc-live-iframe'),\r\n\t\t\t\t\t\t\trefWindow = undefined;\r\n\r\n\t\t\t\t\t\tif ($content.length) {\r\n\t\t\t\t\t\t\t$content = $content.contents();\r\n\t\t\t\t\t\t\trefWindow = document.getElementById('tdc-live-iframe').contentWindow || document.getElementById('tdc-live-iframe').contentDocument;\r\n\r\n\t\t\t\t\t\t} else {\r\n\t\t\t\t\t\t\t$content = jQuery('body');\r\n\t\t\t\t\t\t\trefWindow = window;\r\n\t\t\t\t\t\t}\r\n\r\n\t\t\t\t\t\t$content.find('#td_uid_1_69d07115d86d0 .td-element-style').each(function (index, element) {\r\n\t\t\t\t\t\t\tjQuery(element).css('opacity', 1);\r\n\t\t\t\t\t\t\treturn;\r\n\t\t\t\t\t\t});\r\n\t\t\t\t\t});\r\n\r\n\t\t\t\t}, 200);\r\n\t\t\t<\/script>\r\n\r\n\t\t\t<div id=\"td_uid_4_69d07115d8ece\" class=\"tdc-row\"><div class=\"vc_row td_uid_4_69d07115d8ed1_rand  wpb_row td-pb-row\" >\n<style scoped>\n\n\/* inline tdc_css att *\/\n\n.td_uid_4_69d07115d8ed1_rand{\nmargin-bottom:70px !important;\n}\n\n.td_uid_4_69d07115d8ed1_rand .td_block_wrap{ text-align:left }\n\n\/* landscape *\/\n@media (min-width: 1019px) and (max-width: 1140px)\n{\n.td_uid_4_69d07115d8ed1_rand{\nmargin-bottom:40px !important;\n}\n}\n\n\/* portrait *\/\n@media (min-width: 768px) and (max-width: 1018px)\n{\n.td_uid_4_69d07115d8ed1_rand{\nmargin-bottom:40px !important;\n}\n}\n\n\/* phone *\/\n@media (max-width: 767px)\n{\n.td_uid_4_69d07115d8ed1_rand{\nmargin-bottom:30px !important;\n}\n}\n\n<\/style><div class=\"vc_column td_uid_5_69d07115d8faa_rand  wpb_column vc_column_container tdc-column td-pb-span12\"><div class=\"wpb_wrapper\"><div class=\"tdm_block td_block_wrap tdm_block_column_title td_uid_6_69d07115da436_rand tdm-content-horiz-center td-pb-border-top td_block_template_1\"  data-td-block-uid=\"td_uid_6_69d07115da436\" >\n<style>\n\n\/* inline tdc_css att *\/\n\n.td_uid_6_69d07115da436_rand{\nmargin-bottom:-20px !important;\n}\n\n<\/style><div class=\"td-block-row\"><div class=\"td-block-span12 tdm-col\">\n<style>\n.td_uid_7_69d07115de136 .tdm-title {\r\n\t\t\t\t\tcolor: #444444;\r\n\t\t\t\t}\n<\/style><div class=\"tds-title tds-title1 td-fix-index td_uid_7_69d07115de136\"><h1 class=\"tdm-title tdm-title-bg\">FALE AGORA COM NOSSOS ESPECIALISTAS E PERITOS<\/h1><\/div><\/div><\/div><\/div><div class=\"tdm_block td_block_wrap tdm_block_inline_text td_uid_8_69d07115e00d3_rand tdm-content-horiz-center td-pb-border-top td-dentist-big-elements td_block_template_1\"  data-td-block-uid=\"td_uid_8_69d07115e00d3\" >\n<style>\n\n\/* custom css *\/\n.td_uid_8_69d07115e00d3_rand .tdm-descr {\r\n                    color: #dd8500;\r\n                }\n<\/style><p class=\"tdm-descr\">Peritos e T\u00e9cnicos com mais de 8 anos de recupera\u00e7\u00e3o e treinamentos. A sua recupera\u00e7\u00e3o est\u00e1 segura com a SoS Recupera. <\/p><\/div><\/div><\/div><\/div><\/div>\r\n\t\t<script>\r\n\r\n\t\t\tjQuery(window).load(function () {\r\n\t\t\t\tjQuery('body').find('#td_uid_4_69d07115d8ece .td-element-style').each(function (index, element) {\r\n\t\t\t\t\tjQuery(element).css('opacity', 1);\r\n\t\t\t\t\treturn;\r\n\t\t\t\t});\r\n\t\t\t});\r\n\r\n\t\t<\/script>\r\n\r\n\t\t\r\n\t\t\t<script>\r\n\r\n\t\t\t\tjQuery(window).ready(function () {\r\n\r\n\t\t\t\t\t\/\/ We need timeout because the content must be rendered and interpreted on client\r\n\t\t\t\t\tsetTimeout(function () {\r\n\r\n\t\t\t\t\t\tvar $content = jQuery('body').find('#tdc-live-iframe'),\r\n\t\t\t\t\t\t\trefWindow = undefined;\r\n\r\n\t\t\t\t\t\tif ($content.length) {\r\n\t\t\t\t\t\t\t$content = $content.contents();\r\n\t\t\t\t\t\t\trefWindow = document.getElementById('tdc-live-iframe').contentWindow || document.getElementById('tdc-live-iframe').contentDocument;\r\n\r\n\t\t\t\t\t\t} else {\r\n\t\t\t\t\t\t\t$content = jQuery('body');\r\n\t\t\t\t\t\t\trefWindow = window;\r\n\t\t\t\t\t\t}\r\n\r\n\t\t\t\t\t\t$content.find('#td_uid_4_69d07115d8ece .td-element-style').each(function (index, element) {\r\n\t\t\t\t\t\t\tjQuery(element).css('opacity', 1);\r\n\t\t\t\t\t\t\treturn;\r\n\t\t\t\t\t\t});\r\n\t\t\t\t\t});\r\n\r\n\t\t\t\t}, 200);\r\n\t\t\t<\/script>\r\n\r\n\t\t\t<div id=\"td_uid_6_69d07115e05ec\" class=\"tdc-row stretch_row_content td-stretch-content\"><div class=\"vc_row td_uid_9_69d07115e05f4_rand  wpb_row td-pb-row tdc-element-style\" >\n<style scoped>\n\n\/* custom css *\/\n@media (min-width: 768px) {\r\n\t                .td_uid_9_69d07115e05f4_rand {\r\n\t                    margin-left: -0px;\r\n\t                    margin-right: -0px;\r\n\t                }\r\n\t                .td_uid_9_69d07115e05f4_rand .vc_column {\r\n\t                    padding-left: 0px;\r\n\t                    padding-right: 0px;\r\n\t                }\r\n                }\n\/* inline tdc_css att *\/\n\n.td_uid_9_69d07115e05f4_rand{\nposition:relative;\n}\n\n.td_uid_9_69d07115e05f4_rand .td_block_wrap{ text-align:left }\n\n<\/style>\n<div class=\"td_uid_6_69d07115e05ec_rand_style td-element-style\" style=\"opacity: 0; transition: opacity 1s;\"><div class=\"td-element-style-before\"><style>\n.td_uid_6_69d07115e05ec_rand_style > .td-element-style-before {\ncontent:'' !important;\nwidth:100% !important;\nheight:100% !important;\nposition:absolute !important;\ntop:0 !important;\nleft:0 !important;\ndisplay:block !important;\nz-index:0 !important;\nbackground-position:center center !important;\nbackground-size:cover !important;\n}\n<\/style><\/div><style> <\/style><\/div><div class=\"vc_column td_uid_10_69d07115e0719_rand  wpb_column vc_column_container tdc-column td-pb-span12\"><div class=\"wpb_wrapper\"><\/div><\/div><\/div><\/div>\r\n\t\t<script>\r\n\r\n\t\t\tjQuery(window).load(function () {\r\n\t\t\t\tjQuery('body').find('#td_uid_6_69d07115e05ec .td-element-style').each(function (index, element) {\r\n\t\t\t\t\tjQuery(element).css('opacity', 1);\r\n\t\t\t\t\treturn;\r\n\t\t\t\t});\r\n\t\t\t});\r\n\r\n\t\t<\/script>\r\n\r\n\t\t\r\n\t\t\t<script>\r\n\r\n\t\t\t\tjQuery(window).ready(function () {\r\n\r\n\t\t\t\t\t\/\/ We need timeout because the content must be rendered and interpreted on client\r\n\t\t\t\t\tsetTimeout(function () {\r\n\r\n\t\t\t\t\t\tvar $content = jQuery('body').find('#tdc-live-iframe'),\r\n\t\t\t\t\t\t\trefWindow = undefined;\r\n\r\n\t\t\t\t\t\tif ($content.length) {\r\n\t\t\t\t\t\t\t$content = $content.contents();\r\n\t\t\t\t\t\t\trefWindow = document.getElementById('tdc-live-iframe').contentWindow || document.getElementById('tdc-live-iframe').contentDocument;\r\n\r\n\t\t\t\t\t\t} else {\r\n\t\t\t\t\t\t\t$content = jQuery('body');\r\n\t\t\t\t\t\t\trefWindow = window;\r\n\t\t\t\t\t\t}\r\n\r\n\t\t\t\t\t\t$content.find('#td_uid_6_69d07115e05ec .td-element-style').each(function (index, element) {\r\n\t\t\t\t\t\t\tjQuery(element).css('opacity', 1);\r\n\t\t\t\t\t\t\treturn;\r\n\t\t\t\t\t\t});\r\n\t\t\t\t\t});\r\n\r\n\t\t\t\t}, 200);\r\n\t\t\t<\/script>\r\n\r\n\t\t\t<div id=\"td_uid_8_69d07115e0766\" class=\"tdc-row stretch_row_1200 td-stretch-content\"><div class=\"vc_row td_uid_11_69d07115e0769_rand  wpb_row td-pb-row\" >\n<style scoped>\n\n\/* inline tdc_css att *\/\n\n.td_uid_11_69d07115e0769_rand{\nmargin-bottom:20px !important;\n}\n\n.td_uid_11_69d07115e0769_rand .td_block_wrap{ text-align:left }\n\n<\/style><div class=\"vc_column td_uid_12_69d07115e0864_rand td-dentist-contact-form wpb_column vc_column_container tdc-column td-pb-span6\">\n<style scoped>\n\n\/* inline tdc_css att *\/\n\n.td_uid_12_69d07115e0864_rand{\npadding-right:40px !important;\n}\n\n\/* phone *\/\n@media (max-width: 767px)\n{\n.td_uid_12_69d07115e0864_rand{\nmargin-bottom:50px !important;\npadding-right:0px !important;\n}\n}\n\n\/* portrait *\/\n@media (min-width: 768px) and (max-width: 1018px)\n{\n.td_uid_12_69d07115e0864_rand{\npadding-right:20px !important;\n}\n}\n\n\/* landscape *\/\n@media (min-width: 1019px) and (max-width: 1140px)\n{\n.td_uid_12_69d07115e0864_rand{\npadding-right:20px !important;\n}\n}\n\n<\/style><div class=\"wpb_wrapper\"><div class=\"tdm_block td_block_wrap tdm_block_column_title td_uid_13_69d07115e0952_rand tdm-content-horiz-left td-pb-border-top td_block_template_1\"  data-td-block-uid=\"td_uid_13_69d07115e0952\" ><div class=\"td-block-row\"><div class=\"td-block-span12 tdm-col\">\n<style>\n\n<\/style><div class=\"tds-title tds-title1 td-fix-index td_uid_14_69d07115e1b8b\"><h3 class=\"tdm-title tdm-title-md\">Please fill in this form:<\/h3><\/div><\/div><\/div><\/div><div class=\"wpb_wrapper wpb_text_column td_block_wrap td_block_wrap vc_column_text td_uid_15_69d07115e1e5b_rand  td-pb-border-top td_block_template_1\"  data-td-block-uid=\"td_uid_15_69d07115e1e5b\" \">\n<style>\n\n\/* inline tdc_css att *\/\n\n.td_uid_15_69d07115e1e5b_rand{\nmargin-top:-10px !important;\n}\n\n<\/style><div class=\"td-block-title-wrap\"><\/div><div class=\"td-fix-index\">\n<\/div><\/div><\/div><\/div><div class=\"vc_column td_uid_16_69d07115e3407_rand  wpb_column vc_column_container tdc-column td-pb-span6\">\n<style scoped>\n\n\/* inline tdc_css att *\/\n\n.td_uid_16_69d07115e3407_rand{\npadding-top:5px !important;\npadding-left:40px !important;\n}\n\n\/* phone *\/\n@media (max-width: 767px)\n{\n.td_uid_16_69d07115e3407_rand{\npadding-left:0px !important;\n}\n}\n\n\/* portrait *\/\n@media (min-width: 768px) and (max-width: 1018px)\n{\n.td_uid_16_69d07115e3407_rand{\npadding-left:20px !important;\n}\n}\n\n\/* landscape *\/\n@media (min-width: 1019px) and (max-width: 1140px)\n{\n.td_uid_16_69d07115e3407_rand{\npadding-left:20px !important;\n}\n}\n\n<\/style><div class=\"wpb_wrapper\"><div class=\"tdm_block td_block_wrap tdm_block_icon_box td_uid_17_69d07115e3860_rand tdm-content-horiz-left tds_icon_box2_wrap td-pb-border-top td_block_template_1\"  data-td-block-uid=\"td_uid_17_69d07115e3860\" >\n<style>\n\n\/* inline tdc_css att *\/\n\n.td_uid_17_69d07115e3860_rand{\nmargin-bottom:30px !important;\nmargin-left:-4px !important;\n}\n\n<\/style>\n<style>\n.td_uid_18_69d07115e4e0e .tdm-col-icon {\r\n\t\t\t\t    padding-right: 11px;\r\n\t\t\t\t}\r\n\t\t\t\t\r\n\t\t\t\t.td_uid_18_69d07115e4e0e .tds-title {\r\n\t\t\t\t    margin-top: -2px;\r\n\t\t\t\t}\r\n\t\t\t\t\r\n\t\t\t\t\r\n\t\t\t\t.td_uid_18_69d07115e4e0e .tds-title {\r\n\t\t\t\t    margin-bottom: -22px;\r\n\t\t\t\t}\r\n\t\t\t\t\r\n\t\t\t\t\r\n\t\t\t\t.td_uid_18_69d07115e4e0e .tdm-descr {\r\n\t\t\t\t    margin-bottom: 0px;\r\n\t\t\t\t}\n<\/style><div class=\"tds-icon-box tds-icon-box2 td-fix-index  td_uid_18_69d07115e4e0e\"><div class=\"tdm-col-icon\">\n<style>\n.td_uid_19_69d07115e52e5 {\r\n\t\t\t\t    -webkit-transition: all 0.2s ease;\r\n                    -moz-transition: all 0.2s ease;\r\n                    -o-transition: all 0.2s ease;\r\n                    transition: all 0.2s ease;\r\n\t\t\t\t} \r\n\t\t\t\t.td_uid_19_69d07115e52e5:before {\r\n\t\t\t\t    -webkit-transition: all 0.2s ease;\r\n                    -moz-transition: all 0.2s ease;\r\n                    -o-transition: all 0.2s ease;\r\n                    transition: all 0.2s ease;\r\n\t\t\t\t}\r\n\r\n\t\t\t\t\r\n\t\t\t\t.td_uid_19_69d07115e52e5:before {\r\n\t\t\t\t\tcolor: #1db4c1;\r\n\t\t\t\t}\n\n\/* landscape *\/\n@media (min-width: 1019px) and (max-width: 1140px){\n\n}\n\n\/* portrait *\/\n@media (min-width: 768px) and (max-width: 1018px){\n\n}\n\n\/* phone *\/\n@media (max-width: 767px){\n\n}\n<\/style><i class=\"tds-icon tdc-font-tdmp tdc-font-tdmp-mobile td_uid_19_69d07115e52e5 td-fix-index\"><\/i><\/div><div class=\"tdm-col-text\">\n<style>\n\n<\/style><div class=\"tds-title tds-title1 td-fix-index td_uid_20_69d07115e5663\"><h3 class=\"tdm-title tdm-title-md\">Contatos Telefone e Whatsapp<\/h3><\/div><p class=\"tdm-descr td-fix-index\">(11) 94464-6164<br><\/p><\/div><\/div><style>.td_uid_17_69d07115e3860_rand .tds-icon-box .tds-icon {\r\n\t\t\t\t    font-size: 49px;\r\n\t\t\t\t    text-align: center;\r\n\t\t\t\t}\r\n\t\t\t\t\r\n\t\t\t\t\r\n\t\t\t\t.td_uid_17_69d07115e3860_rand .tds-icon-box .tds-icon {\r\n\t\t\t\t    width: 49px;\r\n\t\t\t\t    height: 49px;\r\n\t\t\t\t    line-height: 49px;\r\n\t\t\t\t}<\/style><\/div><div class=\"tdm_block td_block_wrap tdm_block_icon_box td_uid_21_69d07115e6e16_rand tdm-content-horiz-left tds_icon_box2_wrap td-pb-border-top td_block_template_1\"  data-td-block-uid=\"td_uid_21_69d07115e6e16\" >\n<style>\n\n\/* inline tdc_css att *\/\n\n.td_uid_21_69d07115e6e16_rand{\nmargin-left:2px !important;\n}\n\n<\/style>\n<style>\n.td_uid_22_69d07115e73ab .tdm-col-icon {\r\n\t\t\t\t    padding-right: 15px;\r\n\t\t\t\t}\r\n\t\t\t\t\r\n\t\t\t\t.td_uid_22_69d07115e73ab .tds-title {\r\n\t\t\t\t    margin-top: -6px;\r\n\t\t\t\t}\r\n\t\t\t\t\r\n\t\t\t\t\r\n\t\t\t\t.td_uid_22_69d07115e73ab .tds-title {\r\n\t\t\t\t    margin-bottom: -22px;\r\n\t\t\t\t}\r\n\t\t\t\t\r\n\t\t\t\t\r\n\t\t\t\t.td_uid_22_69d07115e73ab .tdm-descr {\r\n\t\t\t\t    margin-bottom: 0px;\r\n\t\t\t\t}\r\n\t\t\t\t\r\n\t\t\t\t\r\n\t\t\t\t.td_uid_22_69d07115e73ab .tdm-descr {\r\n\t\t\t\t    color: #1db4c1;\t\t\t  \r\n\t\t\t\t}\r\n\t\t\t\t\r\n\t\t\t\t\r\n\t\t\t\t.td_uid_21_69d07115e6e16_rand:hover .tdm-descr {\r\n\t\t\t\t    color: #1db4c1;\t\t\t  \r\n\t\t\t\t}\n<\/style><div class=\"tds-icon-box tds-icon-box2 td-fix-index  td_uid_22_69d07115e73ab\"><div class=\"tdm-col-icon\">\n<style>\n.td_uid_23_69d07115e73b6 {\r\n\t\t\t\t    -webkit-transition: all 0.2s ease;\r\n                    -moz-transition: all 0.2s ease;\r\n                    -o-transition: all 0.2s ease;\r\n                    transition: all 0.2s ease;\r\n\t\t\t\t} \r\n\t\t\t\t.td_uid_23_69d07115e73b6:before {\r\n\t\t\t\t    -webkit-transition: all 0.2s ease;\r\n                    -moz-transition: all 0.2s ease;\r\n                    -o-transition: all 0.2s ease;\r\n                    transition: all 0.2s ease;\r\n\t\t\t\t}\r\n\r\n\t\t\t\t\r\n\t\t\t\t.td_uid_23_69d07115e73b6:before {\r\n\t\t\t\t\tcolor: #1db4c1;\r\n\t\t\t\t}\n\n\/* landscape *\/\n@media (min-width: 1019px) and (max-width: 1140px){\n\n}\n\n\/* portrait *\/\n@media (min-width: 768px) and (max-width: 1018px){\n\n}\n\n\/* phone *\/\n@media (max-width: 767px){\n\n}\n<\/style><i class=\"tds-icon tdc-font-tdmp tdc-font-tdmp-envelope-open td_uid_23_69d07115e73b6 td-fix-index\"><\/i><\/div><div class=\"tdm-col-text\">\n<style>\n\n<\/style><div class=\"tds-title tds-title1 td-fix-index td_uid_24_69d07115e75e3\"><h3 class=\"tdm-title tdm-title-md\">Email<\/h3><\/div><p class=\"tdm-descr td-fix-index\">contato@datarec.com.br<\/p><\/div><\/div><style>.td_uid_21_69d07115e6e16_rand .tds-icon-box .tds-icon {\r\n\t\t\t\t    font-size: 38px;\r\n\t\t\t\t    text-align: center;\r\n\t\t\t\t}\r\n\t\t\t\t\r\n\t\t\t\t\r\n\t\t\t\t.td_uid_21_69d07115e6e16_rand .tds-icon-box .tds-icon {\r\n\t\t\t\t    width: 38px;\r\n\t\t\t\t    height: 38px;\r\n\t\t\t\t    line-height: 38px;\r\n\t\t\t\t}<\/style><\/div><\/div><\/div><\/div><\/div>\r\n\t\t<script>\r\n\r\n\t\t\tjQuery(window).load(function () {\r\n\t\t\t\tjQuery('body').find('#td_uid_8_69d07115e0766 .td-element-style').each(function (index, element) {\r\n\t\t\t\t\tjQuery(element).css('opacity', 1);\r\n\t\t\t\t\treturn;\r\n\t\t\t\t});\r\n\t\t\t});\r\n\r\n\t\t<\/script>\r\n\r\n\t\t\r\n\t\t\t<script>\r\n\r\n\t\t\t\tjQuery(window).ready(function () {\r\n\r\n\t\t\t\t\t\/\/ We need timeout because the content must be rendered and interpreted on client\r\n\t\t\t\t\tsetTimeout(function () {\r\n\r\n\t\t\t\t\t\tvar $content = jQuery('body').find('#tdc-live-iframe'),\r\n\t\t\t\t\t\t\trefWindow = undefined;\r\n\r\n\t\t\t\t\t\tif ($content.length) {\r\n\t\t\t\t\t\t\t$content = $content.contents();\r\n\t\t\t\t\t\t\trefWindow = document.getElementById('tdc-live-iframe').contentWindow || document.getElementById('tdc-live-iframe').contentDocument;\r\n\r\n\t\t\t\t\t\t} else {\r\n\t\t\t\t\t\t\t$content = jQuery('body');\r\n\t\t\t\t\t\t\trefWindow = window;\r\n\t\t\t\t\t\t}\r\n\r\n\t\t\t\t\t\t$content.find('#td_uid_8_69d07115e0766 .td-element-style').each(function (index, element) {\r\n\t\t\t\t\t\t\tjQuery(element).css('opacity', 1);\r\n\t\t\t\t\t\t\treturn;\r\n\t\t\t\t\t\t});\r\n\t\t\t\t\t});\r\n\r\n\t\t\t\t}, 200);\r\n\t\t\t<\/script>\r\n\r\n\t\t\t<div id=\"td_uid_11_69d07115e8bd1\" class=\"tdc-row stretch_row_content td-stretch-content\"><div class=\"vc_row td_uid_25_69d07115e8bdb_rand  wpb_row td-pb-row\" ><div class=\"vc_column td_uid_26_69d07115e8d4e_rand  wpb_column vc_column_container tdc-column td-pb-span12\"><div class=\"wpb_wrapper\"><div class=\"td_block_wrap td_block_instagram td_uid_27_69d07115e9401_rand td-pb-border-top td_block_template_1\"  data-td-block-uid=\"td_uid_27_69d07115e9401\" >\n<style>\n\n\/* inline tdc_css att *\/\n\n.td_uid_27_69d07115e9401_rand{\nmargin-bottom:0px !important;\n}\n\n<\/style><div class=\"td-block-title-wrap\"><\/div><div id=td_uid_27_69d07115e9401 class=\"td-instagram-wrap td_block_inner td-column-3\"><\/div><\/div> <!-- .\/block --><\/div><\/div><\/div><\/div>\r\n\t\t<script>\r\n\r\n\t\t\tjQuery(window).load(function () {\r\n\t\t\t\tjQuery('body').find('#td_uid_11_69d07115e8bd1 .td-element-style').each(function (index, element) {\r\n\t\t\t\t\tjQuery(element).css('opacity', 1);\r\n\t\t\t\t\treturn;\r\n\t\t\t\t});\r\n\t\t\t});\r\n\r\n\t\t<\/script>\r\n\r\n\t\t\r\n\t\t\t<script>\r\n\r\n\t\t\t\tjQuery(window).ready(function () {\r\n\r\n\t\t\t\t\t\/\/ We need timeout because the content must be rendered and interpreted on client\r\n\t\t\t\t\tsetTimeout(function () {\r\n\r\n\t\t\t\t\t\tvar $content = jQuery('body').find('#tdc-live-iframe'),\r\n\t\t\t\t\t\t\trefWindow = undefined;\r\n\r\n\t\t\t\t\t\tif ($content.length) {\r\n\t\t\t\t\t\t\t$content = $content.contents();\r\n\t\t\t\t\t\t\trefWindow = document.getElementById('tdc-live-iframe').contentWindow || document.getElementById('tdc-live-iframe').contentDocument;\r\n\r\n\t\t\t\t\t\t} else {\r\n\t\t\t\t\t\t\t$content = jQuery('body');\r\n\t\t\t\t\t\t\trefWindow = window;\r\n\t\t\t\t\t\t}\r\n\r\n\t\t\t\t\t\t$content.find('#td_uid_11_69d07115e8bd1 .td-element-style').each(function (index, element) {\r\n\t\t\t\t\t\t\tjQuery(element).css('opacity', 1);\r\n\t\t\t\t\t\t\treturn;\r\n\t\t\t\t\t\t});\r\n\t\t\t\t\t});\r\n\r\n\t\t\t\t}, 200);\r\n\t\t\t<\/script>\r\n\r\n\t\t\t","protected":false},"excerpt":{"rendered":"","protected":false},"author":1,"featured_media":0,"parent":0,"menu_order":0,"comment_status":"open","ping_status":"closed","template":"","meta":{"_monsterinsights_skip_tracking":false,"_monsterinsights_sitenote_active":false,"_monsterinsights_sitenote_note":"","_monsterinsights_sitenote_category":0,"amp_status":"","footnotes":""},"class_list":["post-228","page","type-page","status-publish","hentry"],"aioseo_notices":[],"_links":{"self":[{"href":"https:\/\/datarec.com.br\/index.php\/wp-json\/wp\/v2\/pages\/228"}],"collection":[{"href":"https:\/\/datarec.com.br\/index.php\/wp-json\/wp\/v2\/pages"}],"about":[{"href":"https:\/\/datarec.com.br\/index.php\/wp-json\/wp\/v2\/types\/page"}],"author":[{"embeddable":true,"href":"https:\/\/datarec.com.br\/index.php\/wp-json\/wp\/v2\/users\/1"}],"replies":[{"embeddable":true,"href":"https:\/\/datarec.com.br\/index.php\/wp-json\/wp\/v2\/comments?post=228"}],"version-history":[{"count":4,"href":"https:\/\/datarec.com.br\/index.php\/wp-json\/wp\/v2\/pages\/228\/revisions"}],"predecessor-version":[{"id":499,"href":"https:\/\/datarec.com.br\/index.php\/wp-json\/wp\/v2\/pages\/228\/revisions\/499"}],"wp:attachment":[{"href":"https:\/\/datarec.com.br\/index.php\/wp-json\/wp\/v2\/media?parent=228"}],"curies":[{"name":"wp","href":"https:\/\/api.w.org\/{rel}","templated":true}]}}